{"id":2354,"date":"2023-06-26T11:09:26","date_gmt":"2023-06-26T09:09:26","guid":{"rendered":"https:\/\/www.montejewel.me\/sobre-montenegro\/"},"modified":"2023-08-30T11:26:16","modified_gmt":"2023-08-30T09:26:16","slug":"sobre-montenegro","status":"publish","type":"page","link":"https:\/\/www.montejewel.me\/es\/sobre-montenegro\/","title":{"rendered":"Sobre Montenegro"},"content":{"rendered":"<p><div class=\"fusion-fullwidth fullwidth-box fusion-builder-row-1 fusion-flex-container has-pattern-background has-mask-background nonhundred-percent-fullwidth non-hundred-percent-height-scrolling\" style=\"--awb-border-radius-top-left:0px;--awb-border-radius-top-right:0px;--awb-border-radius-bottom-right:0px;--awb-border-radius-bottom-left:0px;--awb-flex-wrap:wrap;\" ><div class=\"fusion-builder-row fusion-row fusion-flex-align-items-flex-start fusion-flex-content-wrap\" style=\"max-width:1248px;margin-left: calc(-4% \/ 2 );margin-right: calc(-4% \/ 2 );\"><div class=\"fusion-layout-column fusion_builder_column fusion-builder-column-0 fusion_builder_column_1_1 1_1 fusion-flex-column\" style=\"--awb-bg-size:cover;--awb-width-large:100%;--awb-margin-top-large:0px;--awb-spacing-right-large:1.92%;--awb-margin-bottom-large:20px;--awb-spacing-left-large:1.92%;--awb-width-medium:100%;--awb-order-medium:0;--awb-spacing-right-medium:1.92%;--awb-spacing-left-medium:1.92%;--awb-width-small:100%;--awb-order-small:0;--awb-spacing-right-small:1.92%;--awb-spacing-left-small:1.92%;\"><div class=\"fusion-column-wrapper fusion-column-has-shadow fusion-flex-justify-content-flex-start fusion-content-layout-column\"><div class=\"fusion-title title fusion-title-1 fusion-sep-none fusion-title-text fusion-title-size-one\" style=\"--awb-margin-top-small:10px;--awb-margin-right-small:0px;--awb-margin-bottom-small:10px;--awb-margin-left-small:0px;\"><h1 class=\"fusion-title-heading title-heading-left\" style=\"margin:0;\">Informaci\u00f3n sobre Montenegro<\/h1><\/div><\/div><\/div><\/div><\/div><div class=\"fusion-fullwidth fullwidth-box fusion-builder-row-2 fusion-flex-container has-pattern-background has-mask-background nonhundred-percent-fullwidth non-hundred-percent-height-scrolling\" style=\"--awb-border-radius-top-left:0px;--awb-border-radius-top-right:0px;--awb-border-radius-bottom-right:0px;--awb-border-radius-bottom-left:0px;--awb-flex-wrap:wrap;\" ><div class=\"fusion-builder-row fusion-row fusion-flex-align-items-flex-start fusion-flex-content-wrap\" style=\"max-width:1248px;margin-left: calc(-4% \/ 2 );margin-right: calc(-4% \/ 2 );\"><div class=\"fusion-layout-column fusion_builder_column fusion-builder-column-1 fusion_builder_column_1_1 1_1 fusion-flex-column\" style=\"--awb-bg-size:cover;--awb-width-large:100%;--awb-margin-top-large:0px;--awb-spacing-right-large:1.92%;--awb-margin-bottom-large:20px;--awb-spacing-left-large:1.92%;--awb-width-medium:100%;--awb-order-medium:0;--awb-spacing-right-medium:1.92%;--awb-spacing-left-medium:1.92%;--awb-width-small:100%;--awb-order-small:0;--awb-spacing-right-small:1.92%;--awb-spacing-left-small:1.92%;\" data-scroll-devices=\"small-visibility,medium-visibility,large-visibility\"><div class=\"fusion-column-wrapper fusion-column-has-shadow fusion-flex-justify-content-flex-start fusion-content-layout-column\"><div class=\"fusion-title title fusion-title-2 fusion-sep-none fusion-title-text fusion-title-size-two\" style=\"--awb-margin-bottom:0px;--awb-margin-top-small:10px;--awb-margin-right-small:0px;--awb-margin-bottom-small:10px;--awb-margin-left-small:0px;\"><h2 class=\"fusion-title-heading title-heading-left\" style=\"margin:0;\">Geograf\u00eda \/ Infraestructura<\/h2><\/div><\/div><\/div><div class=\"fusion-layout-column fusion_builder_column fusion-builder-column-2 fusion_builder_column_1_2 1_2 fusion-flex-column\" style=\"--awb-bg-size:cover;--awb-width-large:50%;--awb-margin-top-large:0px;--awb-spacing-right-large:3.84%;--awb-margin-bottom-large:20px;--awb-spacing-left-large:3.84%;--awb-width-medium:50%;--awb-order-medium:0;--awb-spacing-right-medium:3.84%;--awb-spacing-left-medium:3.84%;--awb-width-small:100%;--awb-order-small:0;--awb-spacing-right-small:1.92%;--awb-spacing-left-small:1.92%;\"><div class=\"fusion-column-wrapper fusion-column-has-shadow fusion-flex-justify-content-flex-start fusion-content-layout-column\"><div class=\"fusion-text fusion-text-1\"><p>Montenegro es una rep\u00fablica situada en la costa sudoriental del Adri\u00e1tico, en el sureste de Europa. El territorio montenegrino limita con Croacia en el extremo occidental, Bosnia y Herzegovina en el noroeste, Serbia en el noreste, Kosovo en el este y Albania en el sureste.<\/p>\n<p>Las infraestructuras se ampl\u00edan a pasos agigantados. Se est\u00e1 construyendo una autopista de Belgrado (Serbia) a Podgorica (Montenegro). El primero de los tres tramos se ha completado y ya est\u00e1 abierto al tr\u00e1fico desde Podgorica (Aeropuerto Internacional) hasta Kolasin. El aeropuerto de Berane est\u00e1 siendo desarrollado por un inversor alem\u00e1n y se encuentra a 42 km de Kolasin. El aeropuerto de Tivat es accesible todo el a\u00f1o v\u00eda Belgrado y hay muchas conexiones directas durante los meses de verano. La autopista Adri\u00e1tico-J\u00f3nica A1, que atraviesa Croacia de norte a sur, ya est\u00e1 terminada hasta Ploce (Croacia) y se prolongar\u00e1 hasta Dubrovnik.<\/p>\n<\/div><\/div><\/div><div class=\"fusion-layout-column fusion_builder_column fusion-builder-column-3 fusion_builder_column_1_2 1_2 fusion-flex-column\" style=\"--awb-bg-size:cover;--awb-width-large:50%;--awb-margin-top-large:0px;--awb-spacing-right-large:3.84%;--awb-margin-bottom-large:20px;--awb-spacing-left-large:3.84%;--awb-width-medium:50%;--awb-order-medium:0;--awb-spacing-right-medium:3.84%;--awb-spacing-left-medium:3.84%;--awb-width-small:100%;--awb-order-small:0;--awb-spacing-right-small:1.92%;--awb-spacing-left-small:1.92%;\"><div class=\"fusion-column-wrapper fusion-column-has-shadow fusion-flex-justify-content-flex-start fusion-content-layout-column\"><div class=\"fusion-slider-sc\"><div class=\"fusion-flexslider-loading flexslider flexslider-hover-type-none\" data-slideshow_autoplay=\"1\" data-slideshow_smooth_height=\"0\" data-slideshow_speed=\"7000\" style=\"max-width:100%;height:100%;\"><ul class=\"slides\"><li class=\"image\"><span class=\"lazyload fusion-image-hover-element hover-type-none\"><img decoding=\"async\" src=\"https:\/\/www.montejewel.me\/wp-content\/uploads\/2023\/06\/autoput_bar_boljare_840x630px.jpg\" data-orig-src=\"https:\/\/www.montejewel.me\/wp-content\/uploads\/2023\/06\/autoput_bar_boljare_840x630px.jpg\" width=\"840\" height=\"630\" class=\"lazyload wp-image-196\" srcset=\"data:image\/svg+xml,%3Csvg%20xmlns%3D%27http%3A%2F%2Fwww.w3.org%2F2000%2Fsvg%27%20width%3D%27840%27%20height%3D%27630%27%20viewBox%3D%270%200%20840%20630%27%3E%3Crect%20width%3D%27840%27%20height%3D%27630%27%20fill-opacity%3D%220%22%2F%3E%3C%2Fsvg%3E\" data-srcset=\"https:\/\/www.montejewel.me\/wp-content\/uploads\/2023\/06\/autoput_bar_boljare_840x630px-200x150.jpg 200w, https:\/\/www.montejewel.me\/wp-content\/uploads\/2023\/06\/autoput_bar_boljare_840x630px-400x300.jpg 400w, https:\/\/www.montejewel.me\/wp-content\/uploads\/2023\/06\/autoput_bar_boljare_840x630px-600x450.jpg 600w, https:\/\/www.montejewel.me\/wp-content\/uploads\/2023\/06\/autoput_bar_boljare_840x630px-800x600.jpg 800w, https:\/\/www.montejewel.me\/wp-content\/uploads\/2023\/06\/autoput_bar_boljare_840x630px.jpg 840w\" data-sizes=\"auto\" data-orig-sizes=\"(max-width: 640px) 100vw, 600px\" \/><\/span><\/li><li class=\"image\"><span class=\"lazyload fusion-image-hover-element hover-type-none\"><img decoding=\"async\" src=\"https:\/\/www.montejewel.me\/wp-content\/uploads\/2023\/06\/autoput-crna-gora_840x630px.jpg\" data-orig-src=\"https:\/\/www.montejewel.me\/wp-content\/uploads\/2023\/06\/autoput-crna-gora_840x630px.jpg\" width=\"840\" height=\"630\" class=\"lazyload wp-image-195\" srcset=\"data:image\/svg+xml,%3Csvg%20xmlns%3D%27http%3A%2F%2Fwww.w3.org%2F2000%2Fsvg%27%20width%3D%27840%27%20height%3D%27630%27%20viewBox%3D%270%200%20840%20630%27%3E%3Crect%20width%3D%27840%27%20height%3D%27630%27%20fill-opacity%3D%220%22%2F%3E%3C%2Fsvg%3E\" data-srcset=\"https:\/\/www.montejewel.me\/wp-content\/uploads\/2023\/06\/autoput-crna-gora_840x630px-200x150.jpg 200w, https:\/\/www.montejewel.me\/wp-content\/uploads\/2023\/06\/autoput-crna-gora_840x630px-400x300.jpg 400w, https:\/\/www.montejewel.me\/wp-content\/uploads\/2023\/06\/autoput-crna-gora_840x630px-600x450.jpg 600w, https:\/\/www.montejewel.me\/wp-content\/uploads\/2023\/06\/autoput-crna-gora_840x630px-800x600.jpg 800w, https:\/\/www.montejewel.me\/wp-content\/uploads\/2023\/06\/autoput-crna-gora_840x630px.jpg 840w\" data-sizes=\"auto\" data-orig-sizes=\"(max-width: 640px) 100vw, 600px\" \/><\/span><\/li><\/ul><\/div><\/div><\/div><\/div><\/div><\/div><div class=\"fusion-fullwidth fullwidth-box fusion-builder-row-3 fusion-flex-container has-pattern-background has-mask-background nonhundred-percent-fullwidth non-hundred-percent-height-scrolling\" style=\"--awb-border-radius-top-left:0px;--awb-border-radius-top-right:0px;--awb-border-radius-bottom-right:0px;--awb-border-radius-bottom-left:0px;--awb-flex-wrap:wrap;\" ><div class=\"fusion-builder-row fusion-row fusion-flex-align-items-flex-start fusion-flex-content-wrap\" style=\"max-width:1248px;margin-left: calc(-4% \/ 2 );margin-right: calc(-4% \/ 2 );\"><div class=\"fusion-layout-column fusion_builder_column fusion-builder-column-4 fusion_builder_column_1_1 1_1 fusion-flex-column\" style=\"--awb-bg-size:cover;--awb-width-large:100%;--awb-margin-top-large:0px;--awb-spacing-right-large:1.92%;--awb-margin-bottom-large:20px;--awb-spacing-left-large:1.92%;--awb-width-medium:100%;--awb-order-medium:0;--awb-spacing-right-medium:1.92%;--awb-spacing-left-medium:1.92%;--awb-width-small:100%;--awb-order-small:0;--awb-spacing-right-small:1.92%;--awb-spacing-left-small:1.92%;\"><div class=\"fusion-column-wrapper fusion-column-has-shadow fusion-flex-justify-content-flex-start fusion-content-layout-column\"><div class=\"fusion-text fusion-text-2\"><p>La revista alemana ELLE public\u00f3 un art\u00edculo el 25 de agosto de 2023 y describi\u00f3 Montenegro como un destino privilegiado. En un viaje por carretera a lo largo de la costa, recomiendan los mejores hoteles, bares y playas, como Onyx Bar &amp; Garden y Buddha Bar en Port Montenegro, en Tivat. S\u00f3lo podemos estar de acuerdo con esto.<\/p>\n<\/div><div ><a class=\"fusion-button button-flat fusion-button-default-size button-default fusion-button-default button-1 fusion-button-default-span fusion-button-default-type\" target=\"_blank\" rel=\"noopener noreferrer\" href=\"https:\/\/www.elle.de\/traveller-reise-reisetipps-montenegro-roadtrip-entlang-kueste\"><i class=\"fa-external-link-alt fas awb-button__icon awb-button__icon--default button-icon-left\" aria-hidden=\"true\"><\/i><span class=\"fusion-button-text awb-button__text awb-button__text--default\">Al sitio web externo de ELLE<\/span><\/a><\/div><\/div><\/div><\/div><\/div><\/p>\n","protected":false},"excerpt":{"rendered":"","protected":false},"author":1,"featured_media":0,"parent":0,"menu_order":0,"comment_status":"closed","ping_status":"closed","template":"100-width.php","meta":{"footnotes":""},"class_list":["post-2354","page","type-page","status-publish","hentry"],"yoast_head":"<!-- This site is optimized with the Yoast SEO plugin v27.5 - https:\/\/yoast.com\/product\/yoast-seo-wordpress\/ -->\n<title>Sobre Montenegro - Montejewel d.o.o.<\/title>\n<meta name=\"robots\" content=\"index, follow, max-snippet:-1, max-image-preview:large, max-video-preview:-1\" \/>\n<link rel=\"canonical\" href=\"https:\/\/www.montejewel.me\/es\/sobre-montenegro\/\" \/>\n<meta property=\"og:locale\" content=\"es_ES\" \/>\n<meta property=\"og:type\" content=\"article\" \/>\n<meta property=\"og:title\" content=\"Sobre Montenegro - Montejewel d.o.o.\" \/>\n<meta property=\"og:url\" content=\"https:\/\/www.montejewel.me\/es\/sobre-montenegro\/\" \/>\n<meta property=\"og:site_name\" content=\"Montejewel d.o.o.\" \/>\n<meta property=\"article:modified_time\" content=\"2023-08-30T09:26:16+00:00\" \/>\n<meta property=\"og:image\" content=\"https:\/\/www.montejewel.me\/wp-content\/uploads\/2023\/06\/Logo_MonteJewel.png\" \/>\n\t<meta property=\"og:image:width\" content=\"945\" \/>\n\t<meta property=\"og:image:height\" content=\"466\" \/>\n\t<meta property=\"og:image:type\" content=\"image\/png\" \/>\n<meta name=\"twitter:card\" content=\"summary_large_image\" \/>\n<meta name=\"twitter:label1\" content=\"Tiempo de lectura\" \/>\n\t<meta name=\"twitter:data1\" content=\"23 minutos\" \/>\n<script type=\"application\/ld+json\" class=\"yoast-schema-graph\">{\"@context\":\"https:\\\/\\\/schema.org\",\"@graph\":[{\"@type\":\"WebPage\",\"@id\":\"https:\\\/\\\/www.montejewel.me\\\/es\\\/sobre-montenegro\\\/\",\"url\":\"https:\\\/\\\/www.montejewel.me\\\/es\\\/sobre-montenegro\\\/\",\"name\":\"Sobre Montenegro - Montejewel d.o.o.\",\"isPartOf\":{\"@id\":\"https:\\\/\\\/www.montejewel.me\\\/es\\\/#website\"},\"datePublished\":\"2023-06-26T09:09:26+00:00\",\"dateModified\":\"2023-08-30T09:26:16+00:00\",\"breadcrumb\":{\"@id\":\"https:\\\/\\\/www.montejewel.me\\\/es\\\/sobre-montenegro\\\/#breadcrumb\"},\"inLanguage\":\"es\",\"potentialAction\":[{\"@type\":\"ReadAction\",\"target\":[\"https:\\\/\\\/www.montejewel.me\\\/es\\\/sobre-montenegro\\\/\"]}]},{\"@type\":\"BreadcrumbList\",\"@id\":\"https:\\\/\\\/www.montejewel.me\\\/es\\\/sobre-montenegro\\\/#breadcrumb\",\"itemListElement\":[{\"@type\":\"ListItem\",\"position\":1,\"name\":\"Startseite\",\"item\":\"https:\\\/\\\/www.montejewel.me\\\/es\\\/\"},{\"@type\":\"ListItem\",\"position\":2,\"name\":\"Sobre Montenegro\"}]},{\"@type\":\"WebSite\",\"@id\":\"https:\\\/\\\/www.montejewel.me\\\/es\\\/#website\",\"url\":\"https:\\\/\\\/www.montejewel.me\\\/es\\\/\",\"name\":\"Montejewel d.o.o.\",\"description\":\"\",\"publisher\":{\"@id\":\"https:\\\/\\\/www.montejewel.me\\\/es\\\/#organization\"},\"potentialAction\":[{\"@type\":\"SearchAction\",\"target\":{\"@type\":\"EntryPoint\",\"urlTemplate\":\"https:\\\/\\\/www.montejewel.me\\\/es\\\/?s={search_term_string}\"},\"query-input\":{\"@type\":\"PropertyValueSpecification\",\"valueRequired\":true,\"valueName\":\"search_term_string\"}}],\"inLanguage\":\"es\"},{\"@type\":\"Organization\",\"@id\":\"https:\\\/\\\/www.montejewel.me\\\/es\\\/#organization\",\"name\":\"Montejewel d.o.o.\",\"url\":\"https:\\\/\\\/www.montejewel.me\\\/es\\\/\",\"logo\":{\"@type\":\"ImageObject\",\"inLanguage\":\"es\",\"@id\":\"https:\\\/\\\/www.montejewel.me\\\/es\\\/#\\\/schema\\\/logo\\\/image\\\/\",\"url\":\"https:\\\/\\\/www.montejewel.me\\\/wp-content\\\/uploads\\\/2023\\\/06\\\/Logo_MonteJewel.png\",\"contentUrl\":\"https:\\\/\\\/www.montejewel.me\\\/wp-content\\\/uploads\\\/2023\\\/06\\\/Logo_MonteJewel.png\",\"width\":945,\"height\":466,\"caption\":\"Montejewel d.o.o.\"},\"image\":{\"@id\":\"https:\\\/\\\/www.montejewel.me\\\/es\\\/#\\\/schema\\\/logo\\\/image\\\/\"}}]}<\/script>\n<!-- \/ Yoast SEO plugin. -->","yoast_head_json":{"title":"Sobre Montenegro - Montejewel d.o.o.","robots":{"index":"index","follow":"follow","max-snippet":"max-snippet:-1","max-image-preview":"max-image-preview:large","max-video-preview":"max-video-preview:-1"},"canonical":"https:\/\/www.montejewel.me\/es\/sobre-montenegro\/","og_locale":"es_ES","og_type":"article","og_title":"Sobre Montenegro - Montejewel d.o.o.","og_url":"https:\/\/www.montejewel.me\/es\/sobre-montenegro\/","og_site_name":"Montejewel d.o.o.","article_modified_time":"2023-08-30T09:26:16+00:00","og_image":[{"width":945,"height":466,"url":"https:\/\/www.montejewel.me\/wp-content\/uploads\/2023\/06\/Logo_MonteJewel.png","type":"image\/png"}],"twitter_card":"summary_large_image","twitter_misc":{"Tiempo de lectura":"23 minutos"},"schema":{"@context":"https:\/\/schema.org","@graph":[{"@type":"WebPage","@id":"https:\/\/www.montejewel.me\/es\/sobre-montenegro\/","url":"https:\/\/www.montejewel.me\/es\/sobre-montenegro\/","name":"Sobre Montenegro - Montejewel d.o.o.","isPartOf":{"@id":"https:\/\/www.montejewel.me\/es\/#website"},"datePublished":"2023-06-26T09:09:26+00:00","dateModified":"2023-08-30T09:26:16+00:00","breadcrumb":{"@id":"https:\/\/www.montejewel.me\/es\/sobre-montenegro\/#breadcrumb"},"inLanguage":"es","potentialAction":[{"@type":"ReadAction","target":["https:\/\/www.montejewel.me\/es\/sobre-montenegro\/"]}]},{"@type":"BreadcrumbList","@id":"https:\/\/www.montejewel.me\/es\/sobre-montenegro\/#breadcrumb","itemListElement":[{"@type":"ListItem","position":1,"name":"Startseite","item":"https:\/\/www.montejewel.me\/es\/"},{"@type":"ListItem","position":2,"name":"Sobre Montenegro"}]},{"@type":"WebSite","@id":"https:\/\/www.montejewel.me\/es\/#website","url":"https:\/\/www.montejewel.me\/es\/","name":"Montejewel d.o.o.","description":"","publisher":{"@id":"https:\/\/www.montejewel.me\/es\/#organization"},"potentialAction":[{"@type":"SearchAction","target":{"@type":"EntryPoint","urlTemplate":"https:\/\/www.montejewel.me\/es\/?s={search_term_string}"},"query-input":{"@type":"PropertyValueSpecification","valueRequired":true,"valueName":"search_term_string"}}],"inLanguage":"es"},{"@type":"Organization","@id":"https:\/\/www.montejewel.me\/es\/#organization","name":"Montejewel d.o.o.","url":"https:\/\/www.montejewel.me\/es\/","logo":{"@type":"ImageObject","inLanguage":"es","@id":"https:\/\/www.montejewel.me\/es\/#\/schema\/logo\/image\/","url":"https:\/\/www.montejewel.me\/wp-content\/uploads\/2023\/06\/Logo_MonteJewel.png","contentUrl":"https:\/\/www.montejewel.me\/wp-content\/uploads\/2023\/06\/Logo_MonteJewel.png","width":945,"height":466,"caption":"Montejewel d.o.o."},"image":{"@id":"https:\/\/www.montejewel.me\/es\/#\/schema\/logo\/image\/"}}]}},"_links":{"self":[{"href":"https:\/\/www.montejewel.me\/es\/wp-json\/wp\/v2\/pages\/2354","targetHints":{"allow":["GET"]}}],"collection":[{"href":"https:\/\/www.montejewel.me\/es\/wp-json\/wp\/v2\/pages"}],"about":[{"href":"https:\/\/www.montejewel.me\/es\/wp-json\/wp\/v2\/types\/page"}],"author":[{"embeddable":true,"href":"https:\/\/www.montejewel.me\/es\/wp-json\/wp\/v2\/users\/1"}],"replies":[{"embeddable":true,"href":"https:\/\/www.montejewel.me\/es\/wp-json\/wp\/v2\/comments?post=2354"}],"version-history":[{"count":17,"href":"https:\/\/www.montejewel.me\/es\/wp-json\/wp\/v2\/pages\/2354\/revisions"}],"predecessor-version":[{"id":2827,"href":"https:\/\/www.montejewel.me\/es\/wp-json\/wp\/v2\/pages\/2354\/revisions\/2827"}],"wp:attachment":[{"href":"https:\/\/www.montejewel.me\/es\/wp-json\/wp\/v2\/media?parent=2354"}],"curies":[{"name":"wp","href":"https:\/\/api.w.org\/{rel}","templated":true}]}}