{"id":2350,"date":"2023-06-20T12:13:37","date_gmt":"2023-06-20T10:13:37","guid":{"rendered":"https:\/\/www.montejewel.me\/mentions-legales\/"},"modified":"2023-08-24T09:39:59","modified_gmt":"2023-08-24T07:39:59","slug":"mentions-legales","status":"publish","type":"page","link":"https:\/\/www.montejewel.me\/fr\/mentions-legales\/","title":{"rendered":"Mentions l\u00e9gales"},"content":{"rendered":"<p><div class=\"fusion-fullwidth fullwidth-box fusion-builder-row-1 fusion-flex-container has-pattern-background has-mask-background nonhundred-percent-fullwidth non-hundred-percent-height-scrolling\" style=\"--awb-border-radius-top-left:0px;--awb-border-radius-top-right:0px;--awb-border-radius-bottom-right:0px;--awb-border-radius-bottom-left:0px;--awb-flex-wrap:wrap;\" ><div class=\"fusion-builder-row fusion-row fusion-flex-align-items-flex-start fusion-flex-content-wrap\" style=\"max-width:1248px;margin-left: calc(-4% \/ 2 );margin-right: calc(-4% \/ 2 );\"><div class=\"fusion-layout-column fusion_builder_column fusion-builder-column-0 fusion_builder_column_1_1 1_1 fusion-flex-column\" style=\"--awb-bg-size:cover;--awb-width-large:100%;--awb-margin-top-large:0px;--awb-spacing-right-large:1.92%;--awb-margin-bottom-large:20px;--awb-spacing-left-large:1.92%;--awb-width-medium:100%;--awb-order-medium:0;--awb-spacing-right-medium:1.92%;--awb-spacing-left-medium:1.92%;--awb-width-small:100%;--awb-order-small:0;--awb-spacing-right-small:1.92%;--awb-spacing-left-small:1.92%;\"><div class=\"fusion-column-wrapper fusion-column-has-shadow fusion-flex-justify-content-flex-start fusion-content-layout-column\"><div class=\"fusion-title title fusion-title-1 fusion-sep-none fusion-title-text fusion-title-size-one\" style=\"--awb-margin-top-small:10px;--awb-margin-right-small:0px;--awb-margin-bottom-small:10px;--awb-margin-left-small:0px;\"><h1 class=\"fusion-title-heading title-heading-left\" style=\"margin:0;\">Mentions l\u00e9gales<\/h1><\/div><\/div><\/div><\/div><\/div><div class=\"fusion-fullwidth fullwidth-box fusion-builder-row-2 fusion-flex-container has-pattern-background has-mask-background nonhundred-percent-fullwidth non-hundred-percent-height-scrolling\" style=\"--awb-border-radius-top-left:0px;--awb-border-radius-top-right:0px;--awb-border-radius-bottom-right:0px;--awb-border-radius-bottom-left:0px;--awb-flex-wrap:wrap;\" ><div class=\"fusion-builder-row fusion-row fusion-flex-align-items-flex-start fusion-flex-content-wrap\" style=\"max-width:1248px;margin-left: calc(-4% \/ 2 );margin-right: calc(-4% \/ 2 );\"><div class=\"fusion-layout-column fusion_builder_column fusion-builder-column-1 fusion_builder_column_1_2 1_2 fusion-flex-column\" style=\"--awb-bg-size:cover;--awb-width-large:50%;--awb-margin-top-large:0px;--awb-spacing-right-large:3.84%;--awb-margin-bottom-large:20px;--awb-spacing-left-large:3.84%;--awb-width-medium:50%;--awb-order-medium:0;--awb-spacing-right-medium:3.84%;--awb-spacing-left-medium:3.84%;--awb-width-small:100%;--awb-order-small:0;--awb-spacing-right-small:1.92%;--awb-spacing-left-small:1.92%;\"><div class=\"fusion-column-wrapper fusion-column-has-shadow fusion-flex-justify-content-flex-start fusion-content-layout-column\"><div class=\"fusion-text fusion-text-1\"><p><strong>MONTEJEWEL d.o.o.<\/strong><\/p>\n<p>Opatovo BB Palih Boraca 26, Stan 2<br \/>\nME-85320 Tivat<br \/>\nMont\u00e9n\u00e9gro<\/p>\n<p>T\u00e9l\u00e9phone : <a href=\"tel:+38267003490\">+382 67 003 49 0<\/a><br \/>\nT\u00e9l\u00e9phone : <a href=\"tel:+491777616962\">+49 177 761 69 62<\/a><br \/>\nCourrier \u00e9lectronique : <a href=\"mailto:info@montejewel.me\">info@montejewel.me<\/a><\/p>\n<\/div><div class=\"fusion-text fusion-text-2\"><p>N\u00b0 de registre : 51120494<br \/>\nDirecteur g\u00e9n\u00e9ral : David Sch\u00fctz<br \/>\nRepr\u00e9sentant : Sabine Renate Suffel<\/p>\n<p>PIB : 03533158<\/p>\n<\/div><\/div><\/div><div class=\"fusion-layout-column fusion_builder_column fusion-builder-column-2 fusion_builder_column_1_2 1_2 fusion-flex-column\" style=\"--awb-bg-size:cover;--awb-width-large:50%;--awb-margin-top-large:0px;--awb-spacing-right-large:3.84%;--awb-margin-bottom-large:20px;--awb-spacing-left-large:3.84%;--awb-width-medium:50%;--awb-order-medium:0;--awb-spacing-right-medium:3.84%;--awb-spacing-left-medium:3.84%;--awb-width-small:100%;--awb-order-small:0;--awb-spacing-right-small:1.92%;--awb-spacing-left-small:1.92%;\"><div class=\"fusion-column-wrapper fusion-column-has-shadow fusion-flex-justify-content-flex-start fusion-content-layout-column\"><div class=\"fusion-title title fusion-title-2 fusion-sep-none fusion-title-text fusion-title-size-two\" style=\"--awb-margin-top-small:10px;--awb-margin-right-small:0px;--awb-margin-bottom-small:10px;--awb-margin-left-small:0px;\"><h2 class=\"fusion-title-heading title-heading-left\" style=\"margin:0;\">Licences d&rsquo;images externes :<\/h2><\/div><div class=\"fusion-text fusion-text-3 fusion-text-no-margin\" style=\"--awb-margin-bottom:50px;\"><p>Adobe-Stock | N\u00b0 381652627 \u00a9 AlexAnton<br \/>\nAdobe-Stock | N\u00b0 212763555 \u00a9 JFL Photography<br \/>\nAdobe-Stock | N\u00b0 584832819 \u00a9 Jezper<br \/>\nAdobe-Stock | N\u00b0 619394664 \u00a9 Nakron<\/p>\n<\/div><div class=\"fusion-title title fusion-title-3 fusion-sep-none fusion-title-text fusion-title-size-two\" style=\"--awb-margin-top-small:10px;--awb-margin-right-small:0px;--awb-margin-bottom-small:10px;--awb-margin-left-small:0px;\"><h2 class=\"fusion-title-heading title-heading-left\" style=\"margin:0;\">R\u00e9alisation du site web :<\/h2><\/div><div class=\"fusion-text fusion-text-4 fusion-text-no-margin\" style=\"--awb-margin-bottom:50px;\"><p>DOPS &#8211; Design pour les m\u00e9dias en ligne et imprim\u00e9s<br \/>\nJochen Schwarzkopf<br \/>\n<a href=\"https:\/\/www.dops.net\" target=\"_blank\" rel=\"noopener\">www.dops.net<\/a><\/p>\n<\/div><\/div><\/div><\/div><\/div><\/p>\n","protected":false},"excerpt":{"rendered":"","protected":false},"author":1,"featured_media":0,"parent":0,"menu_order":0,"comment_status":"closed","ping_status":"closed","template":"100-width.php","meta":{"footnotes":""},"class_list":["post-2350","page","type-page","status-publish","hentry"],"yoast_head":"<!-- This site is optimized with the Yoast SEO plugin v27.4 - https:\/\/yoast.com\/product\/yoast-seo-wordpress\/ -->\n<title>Mentions l\u00e9gales - Montejewel d.o.o.<\/title>\n<meta name=\"robots\" content=\"index, follow, max-snippet:-1, max-image-preview:large, max-video-preview:-1\" \/>\n<link rel=\"canonical\" href=\"https:\/\/www.montejewel.me\/fr\/mentions-legales\/\" \/>\n<meta property=\"og:locale\" content=\"fr_FR\" \/>\n<meta property=\"og:type\" content=\"article\" \/>\n<meta property=\"og:title\" content=\"Mentions l\u00e9gales - Montejewel d.o.o.\" \/>\n<meta property=\"og:url\" content=\"https:\/\/www.montejewel.me\/fr\/mentions-legales\/\" \/>\n<meta property=\"og:site_name\" content=\"Montejewel d.o.o.\" \/>\n<meta property=\"article:modified_time\" content=\"2023-08-24T07:39:59+00:00\" \/>\n<meta property=\"og:image\" content=\"https:\/\/www.montejewel.me\/wp-content\/uploads\/2023\/06\/Logo_MonteJewel.png\" \/>\n\t<meta property=\"og:image:width\" content=\"945\" \/>\n\t<meta property=\"og:image:height\" content=\"466\" \/>\n\t<meta property=\"og:image:type\" content=\"image\/png\" \/>\n<meta name=\"twitter:card\" content=\"summary_large_image\" \/>\n<meta name=\"twitter:label1\" content=\"Dur\u00e9e de lecture estim\u00e9e\" \/>\n\t<meta name=\"twitter:data1\" content=\"16 minutes\" \/>\n<script type=\"application\/ld+json\" class=\"yoast-schema-graph\">{\"@context\":\"https:\\\/\\\/schema.org\",\"@graph\":[{\"@type\":\"WebPage\",\"@id\":\"https:\\\/\\\/www.montejewel.me\\\/fr\\\/mentions-legales\\\/\",\"url\":\"https:\\\/\\\/www.montejewel.me\\\/fr\\\/mentions-legales\\\/\",\"name\":\"Mentions l\u00e9gales - Montejewel d.o.o.\",\"isPartOf\":{\"@id\":\"https:\\\/\\\/www.montejewel.me\\\/fr\\\/#website\"},\"datePublished\":\"2023-06-20T10:13:37+00:00\",\"dateModified\":\"2023-08-24T07:39:59+00:00\",\"breadcrumb\":{\"@id\":\"https:\\\/\\\/www.montejewel.me\\\/fr\\\/mentions-legales\\\/#breadcrumb\"},\"inLanguage\":\"fr-FR\",\"potentialAction\":[{\"@type\":\"ReadAction\",\"target\":[\"https:\\\/\\\/www.montejewel.me\\\/fr\\\/mentions-legales\\\/\"]}]},{\"@type\":\"BreadcrumbList\",\"@id\":\"https:\\\/\\\/www.montejewel.me\\\/fr\\\/mentions-legales\\\/#breadcrumb\",\"itemListElement\":[{\"@type\":\"ListItem\",\"position\":1,\"name\":\"Startseite\",\"item\":\"https:\\\/\\\/www.montejewel.me\\\/fr\\\/\"},{\"@type\":\"ListItem\",\"position\":2,\"name\":\"Mentions l\u00e9gales\"}]},{\"@type\":\"WebSite\",\"@id\":\"https:\\\/\\\/www.montejewel.me\\\/fr\\\/#website\",\"url\":\"https:\\\/\\\/www.montejewel.me\\\/fr\\\/\",\"name\":\"Montejewel d.o.o.\",\"description\":\"\",\"publisher\":{\"@id\":\"https:\\\/\\\/www.montejewel.me\\\/fr\\\/#organization\"},\"potentialAction\":[{\"@type\":\"SearchAction\",\"target\":{\"@type\":\"EntryPoint\",\"urlTemplate\":\"https:\\\/\\\/www.montejewel.me\\\/fr\\\/?s={search_term_string}\"},\"query-input\":{\"@type\":\"PropertyValueSpecification\",\"valueRequired\":true,\"valueName\":\"search_term_string\"}}],\"inLanguage\":\"fr-FR\"},{\"@type\":\"Organization\",\"@id\":\"https:\\\/\\\/www.montejewel.me\\\/fr\\\/#organization\",\"name\":\"Montejewel d.o.o.\",\"url\":\"https:\\\/\\\/www.montejewel.me\\\/fr\\\/\",\"logo\":{\"@type\":\"ImageObject\",\"inLanguage\":\"fr-FR\",\"@id\":\"https:\\\/\\\/www.montejewel.me\\\/fr\\\/#\\\/schema\\\/logo\\\/image\\\/\",\"url\":\"https:\\\/\\\/www.montejewel.me\\\/wp-content\\\/uploads\\\/2023\\\/06\\\/Logo_MonteJewel.png\",\"contentUrl\":\"https:\\\/\\\/www.montejewel.me\\\/wp-content\\\/uploads\\\/2023\\\/06\\\/Logo_MonteJewel.png\",\"width\":945,\"height\":466,\"caption\":\"Montejewel d.o.o.\"},\"image\":{\"@id\":\"https:\\\/\\\/www.montejewel.me\\\/fr\\\/#\\\/schema\\\/logo\\\/image\\\/\"}}]}<\/script>\n<!-- \/ Yoast SEO plugin. -->","yoast_head_json":{"title":"Mentions l\u00e9gales - Montejewel d.o.o.","robots":{"index":"index","follow":"follow","max-snippet":"max-snippet:-1","max-image-preview":"max-image-preview:large","max-video-preview":"max-video-preview:-1"},"canonical":"https:\/\/www.montejewel.me\/fr\/mentions-legales\/","og_locale":"fr_FR","og_type":"article","og_title":"Mentions l\u00e9gales - Montejewel d.o.o.","og_url":"https:\/\/www.montejewel.me\/fr\/mentions-legales\/","og_site_name":"Montejewel d.o.o.","article_modified_time":"2023-08-24T07:39:59+00:00","og_image":[{"width":945,"height":466,"url":"https:\/\/www.montejewel.me\/wp-content\/uploads\/2023\/06\/Logo_MonteJewel.png","type":"image\/png"}],"twitter_card":"summary_large_image","twitter_misc":{"Dur\u00e9e de lecture estim\u00e9e":"16 minutes"},"schema":{"@context":"https:\/\/schema.org","@graph":[{"@type":"WebPage","@id":"https:\/\/www.montejewel.me\/fr\/mentions-legales\/","url":"https:\/\/www.montejewel.me\/fr\/mentions-legales\/","name":"Mentions l\u00e9gales - Montejewel d.o.o.","isPartOf":{"@id":"https:\/\/www.montejewel.me\/fr\/#website"},"datePublished":"2023-06-20T10:13:37+00:00","dateModified":"2023-08-24T07:39:59+00:00","breadcrumb":{"@id":"https:\/\/www.montejewel.me\/fr\/mentions-legales\/#breadcrumb"},"inLanguage":"fr-FR","potentialAction":[{"@type":"ReadAction","target":["https:\/\/www.montejewel.me\/fr\/mentions-legales\/"]}]},{"@type":"BreadcrumbList","@id":"https:\/\/www.montejewel.me\/fr\/mentions-legales\/#breadcrumb","itemListElement":[{"@type":"ListItem","position":1,"name":"Startseite","item":"https:\/\/www.montejewel.me\/fr\/"},{"@type":"ListItem","position":2,"name":"Mentions l\u00e9gales"}]},{"@type":"WebSite","@id":"https:\/\/www.montejewel.me\/fr\/#website","url":"https:\/\/www.montejewel.me\/fr\/","name":"Montejewel d.o.o.","description":"","publisher":{"@id":"https:\/\/www.montejewel.me\/fr\/#organization"},"potentialAction":[{"@type":"SearchAction","target":{"@type":"EntryPoint","urlTemplate":"https:\/\/www.montejewel.me\/fr\/?s={search_term_string}"},"query-input":{"@type":"PropertyValueSpecification","valueRequired":true,"valueName":"search_term_string"}}],"inLanguage":"fr-FR"},{"@type":"Organization","@id":"https:\/\/www.montejewel.me\/fr\/#organization","name":"Montejewel d.o.o.","url":"https:\/\/www.montejewel.me\/fr\/","logo":{"@type":"ImageObject","inLanguage":"fr-FR","@id":"https:\/\/www.montejewel.me\/fr\/#\/schema\/logo\/image\/","url":"https:\/\/www.montejewel.me\/wp-content\/uploads\/2023\/06\/Logo_MonteJewel.png","contentUrl":"https:\/\/www.montejewel.me\/wp-content\/uploads\/2023\/06\/Logo_MonteJewel.png","width":945,"height":466,"caption":"Montejewel d.o.o."},"image":{"@id":"https:\/\/www.montejewel.me\/fr\/#\/schema\/logo\/image\/"}}]}},"_links":{"self":[{"href":"https:\/\/www.montejewel.me\/fr\/wp-json\/wp\/v2\/pages\/2350","targetHints":{"allow":["GET"]}}],"collection":[{"href":"https:\/\/www.montejewel.me\/fr\/wp-json\/wp\/v2\/pages"}],"about":[{"href":"https:\/\/www.montejewel.me\/fr\/wp-json\/wp\/v2\/types\/page"}],"author":[{"embeddable":true,"href":"https:\/\/www.montejewel.me\/fr\/wp-json\/wp\/v2\/users\/1"}],"replies":[{"embeddable":true,"href":"https:\/\/www.montejewel.me\/fr\/wp-json\/wp\/v2\/comments?post=2350"}],"version-history":[{"count":5,"href":"https:\/\/www.montejewel.me\/fr\/wp-json\/wp\/v2\/pages\/2350\/revisions"}],"predecessor-version":[{"id":2389,"href":"https:\/\/www.montejewel.me\/fr\/wp-json\/wp\/v2\/pages\/2350\/revisions\/2389"}],"wp:attachment":[{"href":"https:\/\/www.montejewel.me\/fr\/wp-json\/wp\/v2\/media?parent=2350"}],"curies":[{"name":"wp","href":"https:\/\/api.w.org\/{rel}","templated":true}]}}