{"id":2352,"date":"2023-06-26T11:09:26","date_gmt":"2023-06-26T09:09:26","guid":{"rendered":"https:\/\/www.montejewel.me\/a-propos-du-montenegro\/"},"modified":"2023-08-30T11:25:30","modified_gmt":"2023-08-30T09:25:30","slug":"infos-montenegro","status":"publish","type":"page","link":"https:\/\/www.montejewel.me\/fr\/infos-montenegro\/","title":{"rendered":"\u00c0 propos du Mont\u00e9n\u00e9gro"},"content":{"rendered":"<p><div class=\"fusion-fullwidth fullwidth-box fusion-builder-row-1 fusion-flex-container has-pattern-background has-mask-background nonhundred-percent-fullwidth non-hundred-percent-height-scrolling\" style=\"--awb-border-radius-top-left:0px;--awb-border-radius-top-right:0px;--awb-border-radius-bottom-right:0px;--awb-border-radius-bottom-left:0px;--awb-flex-wrap:wrap;\" ><div class=\"fusion-builder-row fusion-row fusion-flex-align-items-flex-start fusion-flex-content-wrap\" style=\"max-width:1248px;margin-left: calc(-4% \/ 2 );margin-right: calc(-4% \/ 2 );\"><div class=\"fusion-layout-column fusion_builder_column fusion-builder-column-0 fusion_builder_column_1_1 1_1 fusion-flex-column\" style=\"--awb-bg-size:cover;--awb-width-large:100%;--awb-margin-top-large:0px;--awb-spacing-right-large:1.92%;--awb-margin-bottom-large:20px;--awb-spacing-left-large:1.92%;--awb-width-medium:100%;--awb-order-medium:0;--awb-spacing-right-medium:1.92%;--awb-spacing-left-medium:1.92%;--awb-width-small:100%;--awb-order-small:0;--awb-spacing-right-small:1.92%;--awb-spacing-left-small:1.92%;\"><div class=\"fusion-column-wrapper fusion-column-has-shadow fusion-flex-justify-content-flex-start fusion-content-layout-column\"><div class=\"fusion-title title fusion-title-1 fusion-sep-none fusion-title-text fusion-title-size-one\" style=\"--awb-margin-top-small:10px;--awb-margin-right-small:0px;--awb-margin-bottom-small:10px;--awb-margin-left-small:0px;\"><h1 class=\"fusion-title-heading title-heading-left\" style=\"margin:0;\">Infos Mont\u00e9n\u00e9gro<\/h1><\/div><\/div><\/div><\/div><\/div><div class=\"fusion-fullwidth fullwidth-box fusion-builder-row-2 fusion-flex-container has-pattern-background has-mask-background nonhundred-percent-fullwidth non-hundred-percent-height-scrolling\" style=\"--awb-border-radius-top-left:0px;--awb-border-radius-top-right:0px;--awb-border-radius-bottom-right:0px;--awb-border-radius-bottom-left:0px;--awb-flex-wrap:wrap;\" ><div class=\"fusion-builder-row fusion-row fusion-flex-align-items-flex-start fusion-flex-content-wrap\" style=\"max-width:1248px;margin-left: calc(-4% \/ 2 );margin-right: calc(-4% \/ 2 );\"><div class=\"fusion-layout-column fusion_builder_column fusion-builder-column-1 fusion_builder_column_1_1 1_1 fusion-flex-column\" style=\"--awb-bg-size:cover;--awb-width-large:100%;--awb-margin-top-large:0px;--awb-spacing-right-large:1.92%;--awb-margin-bottom-large:20px;--awb-spacing-left-large:1.92%;--awb-width-medium:100%;--awb-order-medium:0;--awb-spacing-right-medium:1.92%;--awb-spacing-left-medium:1.92%;--awb-width-small:100%;--awb-order-small:0;--awb-spacing-right-small:1.92%;--awb-spacing-left-small:1.92%;\" data-scroll-devices=\"small-visibility,medium-visibility,large-visibility\"><div class=\"fusion-column-wrapper fusion-column-has-shadow fusion-flex-justify-content-flex-start fusion-content-layout-column\"><div class=\"fusion-title title fusion-title-2 fusion-sep-none fusion-title-text fusion-title-size-two\" style=\"--awb-margin-bottom:0px;--awb-margin-top-small:10px;--awb-margin-right-small:0px;--awb-margin-bottom-small:10px;--awb-margin-left-small:0px;\"><h2 class=\"fusion-title-heading title-heading-left\" style=\"margin:0;\">G\u00e9ographie \/ Infrastructure<\/h2><\/div><\/div><\/div><div class=\"fusion-layout-column fusion_builder_column fusion-builder-column-2 fusion_builder_column_1_2 1_2 fusion-flex-column\" style=\"--awb-bg-size:cover;--awb-width-large:50%;--awb-margin-top-large:0px;--awb-spacing-right-large:3.84%;--awb-margin-bottom-large:20px;--awb-spacing-left-large:3.84%;--awb-width-medium:50%;--awb-order-medium:0;--awb-spacing-right-medium:3.84%;--awb-spacing-left-medium:3.84%;--awb-width-small:100%;--awb-order-small:0;--awb-spacing-right-small:1.92%;--awb-spacing-left-small:1.92%;\"><div class=\"fusion-column-wrapper fusion-column-has-shadow fusion-flex-justify-content-flex-start fusion-content-layout-column\"><div class=\"fusion-text fusion-text-1\"><p>Le Mont\u00e9n\u00e9gro est une r\u00e9publique situ\u00e9e sur la c\u00f4te sud-est de l&rsquo;Adriatique, dans le sud-est de l&rsquo;Europe. Le territoire mont\u00e9n\u00e9grin est bord\u00e9 \u00e0 l&rsquo;extr\u00eame ouest par la Croatie, au nord-ouest par la Bosnie-et-Herz\u00e9govine, au nord-est par la Serbie, \u00e0 l&rsquo;est par le Kosovo et au sud-est par l&rsquo;Albanie.<\/p>\n<p>L&rsquo;infrastructure se d\u00e9veloppe \u00e0 grands pas. Une autoroute est en train de voir le jour entre Belgrade en Serbie et Podgorica au Mont\u00e9n\u00e9gro. Le premier des trois tron\u00e7ons est achev\u00e9 et d\u00e9j\u00e0 ouvert \u00e0 la circulation de Podgorica (a\u00e9roport international) \u00e0 Kolasin. L&rsquo;a\u00e9roport de Berane est en cours d&rsquo;extension par un investisseur allemand et se trouve \u00e0 42 km de Kolasin. L&rsquo;a\u00e9roport de Tivat est accessible toute l&rsquo;ann\u00e9e via Belgrade et il existe de nombreuses liaisons directes pendant les mois d&rsquo;\u00e9t\u00e9. L&rsquo;autoroute Adriatique-Ionienne A1, qui traverse la Croatie du nord au sud, a d\u00e9j\u00e0 \u00e9t\u00e9 achev\u00e9e jusqu&rsquo;\u00e0 Ploce en Croatie et sera prolong\u00e9e jusqu&rsquo;\u00e0 Dubrovnik.<\/p>\n<\/div><\/div><\/div><div class=\"fusion-layout-column fusion_builder_column fusion-builder-column-3 fusion_builder_column_1_2 1_2 fusion-flex-column\" style=\"--awb-bg-size:cover;--awb-width-large:50%;--awb-margin-top-large:0px;--awb-spacing-right-large:3.84%;--awb-margin-bottom-large:20px;--awb-spacing-left-large:3.84%;--awb-width-medium:50%;--awb-order-medium:0;--awb-spacing-right-medium:3.84%;--awb-spacing-left-medium:3.84%;--awb-width-small:100%;--awb-order-small:0;--awb-spacing-right-small:1.92%;--awb-spacing-left-small:1.92%;\"><div class=\"fusion-column-wrapper fusion-column-has-shadow fusion-flex-justify-content-flex-start fusion-content-layout-column\"><div class=\"fusion-slider-sc\"><div class=\"fusion-flexslider-loading flexslider flexslider-hover-type-none\" data-slideshow_autoplay=\"1\" data-slideshow_smooth_height=\"0\" data-slideshow_speed=\"7000\" style=\"max-width:100%;height:100%;\"><ul class=\"slides\"><li class=\"image\"><span class=\"lazyload fusion-image-hover-element hover-type-none\"><img decoding=\"async\" src=\"https:\/\/www.montejewel.me\/wp-content\/uploads\/2023\/06\/autoput_bar_boljare_840x630px.jpg\" data-orig-src=\"https:\/\/www.montejewel.me\/wp-content\/uploads\/2023\/06\/autoput_bar_boljare_840x630px.jpg\" width=\"840\" height=\"630\" class=\"lazyload wp-image-196\" srcset=\"data:image\/svg+xml,%3Csvg%20xmlns%3D%27http%3A%2F%2Fwww.w3.org%2F2000%2Fsvg%27%20width%3D%27840%27%20height%3D%27630%27%20viewBox%3D%270%200%20840%20630%27%3E%3Crect%20width%3D%27840%27%20height%3D%27630%27%20fill-opacity%3D%220%22%2F%3E%3C%2Fsvg%3E\" data-srcset=\"https:\/\/www.montejewel.me\/wp-content\/uploads\/2023\/06\/autoput_bar_boljare_840x630px-200x150.jpg 200w, https:\/\/www.montejewel.me\/wp-content\/uploads\/2023\/06\/autoput_bar_boljare_840x630px-400x300.jpg 400w, https:\/\/www.montejewel.me\/wp-content\/uploads\/2023\/06\/autoput_bar_boljare_840x630px-600x450.jpg 600w, https:\/\/www.montejewel.me\/wp-content\/uploads\/2023\/06\/autoput_bar_boljare_840x630px-800x600.jpg 800w, https:\/\/www.montejewel.me\/wp-content\/uploads\/2023\/06\/autoput_bar_boljare_840x630px.jpg 840w\" data-sizes=\"auto\" data-orig-sizes=\"(max-width: 640px) 100vw, 600px\" \/><\/span><\/li><li class=\"image\"><span class=\"lazyload fusion-image-hover-element hover-type-none\"><img decoding=\"async\" src=\"https:\/\/www.montejewel.me\/wp-content\/uploads\/2023\/06\/autoput-crna-gora_840x630px.jpg\" data-orig-src=\"https:\/\/www.montejewel.me\/wp-content\/uploads\/2023\/06\/autoput-crna-gora_840x630px.jpg\" width=\"840\" height=\"630\" class=\"lazyload wp-image-195\" srcset=\"data:image\/svg+xml,%3Csvg%20xmlns%3D%27http%3A%2F%2Fwww.w3.org%2F2000%2Fsvg%27%20width%3D%27840%27%20height%3D%27630%27%20viewBox%3D%270%200%20840%20630%27%3E%3Crect%20width%3D%27840%27%20height%3D%27630%27%20fill-opacity%3D%220%22%2F%3E%3C%2Fsvg%3E\" data-srcset=\"https:\/\/www.montejewel.me\/wp-content\/uploads\/2023\/06\/autoput-crna-gora_840x630px-200x150.jpg 200w, https:\/\/www.montejewel.me\/wp-content\/uploads\/2023\/06\/autoput-crna-gora_840x630px-400x300.jpg 400w, https:\/\/www.montejewel.me\/wp-content\/uploads\/2023\/06\/autoput-crna-gora_840x630px-600x450.jpg 600w, https:\/\/www.montejewel.me\/wp-content\/uploads\/2023\/06\/autoput-crna-gora_840x630px-800x600.jpg 800w, https:\/\/www.montejewel.me\/wp-content\/uploads\/2023\/06\/autoput-crna-gora_840x630px.jpg 840w\" data-sizes=\"auto\" data-orig-sizes=\"(max-width: 640px) 100vw, 600px\" \/><\/span><\/li><\/ul><\/div><\/div><\/div><\/div><\/div><\/div><div class=\"fusion-fullwidth fullwidth-box fusion-builder-row-3 fusion-flex-container has-pattern-background has-mask-background nonhundred-percent-fullwidth non-hundred-percent-height-scrolling\" style=\"--awb-border-radius-top-left:0px;--awb-border-radius-top-right:0px;--awb-border-radius-bottom-right:0px;--awb-border-radius-bottom-left:0px;--awb-flex-wrap:wrap;\" ><div class=\"fusion-builder-row fusion-row fusion-flex-align-items-flex-start fusion-flex-content-wrap\" style=\"max-width:1248px;margin-left: calc(-4% \/ 2 );margin-right: calc(-4% \/ 2 );\"><div class=\"fusion-layout-column fusion_builder_column fusion-builder-column-4 fusion_builder_column_1_1 1_1 fusion-flex-column\" style=\"--awb-bg-size:cover;--awb-width-large:100%;--awb-margin-top-large:0px;--awb-spacing-right-large:1.92%;--awb-margin-bottom-large:20px;--awb-spacing-left-large:1.92%;--awb-width-medium:100%;--awb-order-medium:0;--awb-spacing-right-medium:1.92%;--awb-spacing-left-medium:1.92%;--awb-width-small:100%;--awb-order-small:0;--awb-spacing-right-small:1.92%;--awb-spacing-left-small:1.92%;\"><div class=\"fusion-column-wrapper fusion-column-has-shadow fusion-flex-justify-content-flex-start fusion-content-layout-column\"><div class=\"fusion-text fusion-text-2\"><p>Le magazine allemand ELLE a publi\u00e9 un article le 25 ao\u00fbt 2023 et a qualifi\u00e9 le Mont\u00e9n\u00e9gro de tuyau secret. Lors d&rsquo;un road-trip le long de la c\u00f4te, ils recommandent les meilleurs h\u00f4tels, bars et plages, comme par exemple l&rsquo;Onyx Bar &amp; Garden ainsi que le Buddha Bar \u00e0 Port Montenegro \u00e0 Tivat. Nous ne pouvons que nous y rallier.<\/p>\n<\/div><div ><a class=\"fusion-button button-flat fusion-button-default-size button-default fusion-button-default button-1 fusion-button-default-span fusion-button-default-type\" target=\"_blank\" rel=\"noopener noreferrer\" href=\"https:\/\/www.elle.de\/traveller-reise-reisetipps-montenegro-roadtrip-entlang-kueste\"><i class=\"fa-external-link-alt fas awb-button__icon awb-button__icon--default button-icon-left\" aria-hidden=\"true\"><\/i><span class=\"fusion-button-text awb-button__text awb-button__text--default\">Vers le site web externe de ELLE<\/span><\/a><\/div><\/div><\/div><\/div><\/div><\/p>\n","protected":false},"excerpt":{"rendered":"","protected":false},"author":1,"featured_media":0,"parent":0,"menu_order":0,"comment_status":"closed","ping_status":"closed","template":"100-width.php","meta":{"footnotes":""},"class_list":["post-2352","page","type-page","status-publish","hentry"],"yoast_head":"<!-- This site is optimized with the Yoast SEO plugin v27.4 - https:\/\/yoast.com\/product\/yoast-seo-wordpress\/ -->\n<title>\u00c0 propos du Mont\u00e9n\u00e9gro - Montejewel d.o.o.<\/title>\n<meta name=\"robots\" content=\"index, follow, max-snippet:-1, max-image-preview:large, max-video-preview:-1\" \/>\n<link rel=\"canonical\" href=\"https:\/\/www.montejewel.me\/fr\/infos-montenegro\/\" \/>\n<meta property=\"og:locale\" content=\"fr_FR\" \/>\n<meta property=\"og:type\" content=\"article\" \/>\n<meta property=\"og:title\" content=\"\u00c0 propos du Mont\u00e9n\u00e9gro - Montejewel d.o.o.\" \/>\n<meta property=\"og:url\" content=\"https:\/\/www.montejewel.me\/fr\/infos-montenegro\/\" \/>\n<meta property=\"og:site_name\" content=\"Montejewel d.o.o.\" \/>\n<meta property=\"article:modified_time\" content=\"2023-08-30T09:25:30+00:00\" \/>\n<meta property=\"og:image\" content=\"https:\/\/www.montejewel.me\/wp-content\/uploads\/2023\/06\/Logo_MonteJewel.png\" \/>\n\t<meta property=\"og:image:width\" content=\"945\" \/>\n\t<meta property=\"og:image:height\" content=\"466\" \/>\n\t<meta property=\"og:image:type\" content=\"image\/png\" \/>\n<meta name=\"twitter:card\" content=\"summary_large_image\" \/>\n<meta name=\"twitter:label1\" content=\"Dur\u00e9e de lecture estim\u00e9e\" \/>\n\t<meta name=\"twitter:data1\" content=\"8 minutes\" \/>\n<script type=\"application\/ld+json\" class=\"yoast-schema-graph\">{\"@context\":\"https:\\\/\\\/schema.org\",\"@graph\":[{\"@type\":\"WebPage\",\"@id\":\"https:\\\/\\\/www.montejewel.me\\\/fr\\\/infos-montenegro\\\/\",\"url\":\"https:\\\/\\\/www.montejewel.me\\\/fr\\\/infos-montenegro\\\/\",\"name\":\"\u00c0 propos du Mont\u00e9n\u00e9gro - Montejewel d.o.o.\",\"isPartOf\":{\"@id\":\"https:\\\/\\\/www.montejewel.me\\\/fr\\\/#website\"},\"datePublished\":\"2023-06-26T09:09:26+00:00\",\"dateModified\":\"2023-08-30T09:25:30+00:00\",\"breadcrumb\":{\"@id\":\"https:\\\/\\\/www.montejewel.me\\\/fr\\\/infos-montenegro\\\/#breadcrumb\"},\"inLanguage\":\"fr-FR\",\"potentialAction\":[{\"@type\":\"ReadAction\",\"target\":[\"https:\\\/\\\/www.montejewel.me\\\/fr\\\/infos-montenegro\\\/\"]}]},{\"@type\":\"BreadcrumbList\",\"@id\":\"https:\\\/\\\/www.montejewel.me\\\/fr\\\/infos-montenegro\\\/#breadcrumb\",\"itemListElement\":[{\"@type\":\"ListItem\",\"position\":1,\"name\":\"Startseite\",\"item\":\"https:\\\/\\\/www.montejewel.me\\\/fr\\\/\"},{\"@type\":\"ListItem\",\"position\":2,\"name\":\"\u00c0 propos du Mont\u00e9n\u00e9gro\"}]},{\"@type\":\"WebSite\",\"@id\":\"https:\\\/\\\/www.montejewel.me\\\/fr\\\/#website\",\"url\":\"https:\\\/\\\/www.montejewel.me\\\/fr\\\/\",\"name\":\"Montejewel d.o.o.\",\"description\":\"\",\"publisher\":{\"@id\":\"https:\\\/\\\/www.montejewel.me\\\/fr\\\/#organization\"},\"potentialAction\":[{\"@type\":\"SearchAction\",\"target\":{\"@type\":\"EntryPoint\",\"urlTemplate\":\"https:\\\/\\\/www.montejewel.me\\\/fr\\\/?s={search_term_string}\"},\"query-input\":{\"@type\":\"PropertyValueSpecification\",\"valueRequired\":true,\"valueName\":\"search_term_string\"}}],\"inLanguage\":\"fr-FR\"},{\"@type\":\"Organization\",\"@id\":\"https:\\\/\\\/www.montejewel.me\\\/fr\\\/#organization\",\"name\":\"Montejewel d.o.o.\",\"url\":\"https:\\\/\\\/www.montejewel.me\\\/fr\\\/\",\"logo\":{\"@type\":\"ImageObject\",\"inLanguage\":\"fr-FR\",\"@id\":\"https:\\\/\\\/www.montejewel.me\\\/fr\\\/#\\\/schema\\\/logo\\\/image\\\/\",\"url\":\"https:\\\/\\\/www.montejewel.me\\\/wp-content\\\/uploads\\\/2023\\\/06\\\/Logo_MonteJewel.png\",\"contentUrl\":\"https:\\\/\\\/www.montejewel.me\\\/wp-content\\\/uploads\\\/2023\\\/06\\\/Logo_MonteJewel.png\",\"width\":945,\"height\":466,\"caption\":\"Montejewel d.o.o.\"},\"image\":{\"@id\":\"https:\\\/\\\/www.montejewel.me\\\/fr\\\/#\\\/schema\\\/logo\\\/image\\\/\"}}]}<\/script>\n<!-- \/ Yoast SEO plugin. -->","yoast_head_json":{"title":"\u00c0 propos du Mont\u00e9n\u00e9gro - Montejewel d.o.o.","robots":{"index":"index","follow":"follow","max-snippet":"max-snippet:-1","max-image-preview":"max-image-preview:large","max-video-preview":"max-video-preview:-1"},"canonical":"https:\/\/www.montejewel.me\/fr\/infos-montenegro\/","og_locale":"fr_FR","og_type":"article","og_title":"\u00c0 propos du Mont\u00e9n\u00e9gro - Montejewel d.o.o.","og_url":"https:\/\/www.montejewel.me\/fr\/infos-montenegro\/","og_site_name":"Montejewel d.o.o.","article_modified_time":"2023-08-30T09:25:30+00:00","og_image":[{"width":945,"height":466,"url":"https:\/\/www.montejewel.me\/wp-content\/uploads\/2023\/06\/Logo_MonteJewel.png","type":"image\/png"}],"twitter_card":"summary_large_image","twitter_misc":{"Dur\u00e9e de lecture estim\u00e9e":"8 minutes"},"schema":{"@context":"https:\/\/schema.org","@graph":[{"@type":"WebPage","@id":"https:\/\/www.montejewel.me\/fr\/infos-montenegro\/","url":"https:\/\/www.montejewel.me\/fr\/infos-montenegro\/","name":"\u00c0 propos du Mont\u00e9n\u00e9gro - Montejewel d.o.o.","isPartOf":{"@id":"https:\/\/www.montejewel.me\/fr\/#website"},"datePublished":"2023-06-26T09:09:26+00:00","dateModified":"2023-08-30T09:25:30+00:00","breadcrumb":{"@id":"https:\/\/www.montejewel.me\/fr\/infos-montenegro\/#breadcrumb"},"inLanguage":"fr-FR","potentialAction":[{"@type":"ReadAction","target":["https:\/\/www.montejewel.me\/fr\/infos-montenegro\/"]}]},{"@type":"BreadcrumbList","@id":"https:\/\/www.montejewel.me\/fr\/infos-montenegro\/#breadcrumb","itemListElement":[{"@type":"ListItem","position":1,"name":"Startseite","item":"https:\/\/www.montejewel.me\/fr\/"},{"@type":"ListItem","position":2,"name":"\u00c0 propos du Mont\u00e9n\u00e9gro"}]},{"@type":"WebSite","@id":"https:\/\/www.montejewel.me\/fr\/#website","url":"https:\/\/www.montejewel.me\/fr\/","name":"Montejewel d.o.o.","description":"","publisher":{"@id":"https:\/\/www.montejewel.me\/fr\/#organization"},"potentialAction":[{"@type":"SearchAction","target":{"@type":"EntryPoint","urlTemplate":"https:\/\/www.montejewel.me\/fr\/?s={search_term_string}"},"query-input":{"@type":"PropertyValueSpecification","valueRequired":true,"valueName":"search_term_string"}}],"inLanguage":"fr-FR"},{"@type":"Organization","@id":"https:\/\/www.montejewel.me\/fr\/#organization","name":"Montejewel d.o.o.","url":"https:\/\/www.montejewel.me\/fr\/","logo":{"@type":"ImageObject","inLanguage":"fr-FR","@id":"https:\/\/www.montejewel.me\/fr\/#\/schema\/logo\/image\/","url":"https:\/\/www.montejewel.me\/wp-content\/uploads\/2023\/06\/Logo_MonteJewel.png","contentUrl":"https:\/\/www.montejewel.me\/wp-content\/uploads\/2023\/06\/Logo_MonteJewel.png","width":945,"height":466,"caption":"Montejewel d.o.o."},"image":{"@id":"https:\/\/www.montejewel.me\/fr\/#\/schema\/logo\/image\/"}}]}},"_links":{"self":[{"href":"https:\/\/www.montejewel.me\/fr\/wp-json\/wp\/v2\/pages\/2352","targetHints":{"allow":["GET"]}}],"collection":[{"href":"https:\/\/www.montejewel.me\/fr\/wp-json\/wp\/v2\/pages"}],"about":[{"href":"https:\/\/www.montejewel.me\/fr\/wp-json\/wp\/v2\/types\/page"}],"author":[{"embeddable":true,"href":"https:\/\/www.montejewel.me\/fr\/wp-json\/wp\/v2\/users\/1"}],"replies":[{"embeddable":true,"href":"https:\/\/www.montejewel.me\/fr\/wp-json\/wp\/v2\/comments?post=2352"}],"version-history":[{"count":18,"href":"https:\/\/www.montejewel.me\/fr\/wp-json\/wp\/v2\/pages\/2352\/revisions"}],"predecessor-version":[{"id":2820,"href":"https:\/\/www.montejewel.me\/fr\/wp-json\/wp\/v2\/pages\/2352\/revisions\/2820"}],"wp:attachment":[{"href":"https:\/\/www.montejewel.me\/fr\/wp-json\/wp\/v2\/media?parent=2352"}],"curies":[{"name":"wp","href":"https:\/\/api.w.org\/{rel}","templated":true}]}}